{"id":5,"date":"2026-03-13T08:30:18","date_gmt":"2026-03-13T08:30:18","guid":{"rendered":"https:\/\/aeschi-tannenmattli.bichsel-reinigungen.ch\/?page_id=5"},"modified":"2026-04-04T06:58:55","modified_gmt":"2026-04-04T06:58:55","slug":"home","status":"publish","type":"page","link":"https:\/\/aeschi-tannenmattli.bichsel-reinigungen.ch\/","title":{"rendered":"Home"},"content":{"rendered":"<div id=\"pl-gb5-69e211178defa\"  class=\"panel-layout\" ><div id=\"pg-gb5-69e211178defa-0\"  class=\"panel-grid panel-no-style\" ><div id=\"pgc-gb5-69e211178defa-0-0\"  class=\"panel-grid-cell\" ><div id=\"panel-gb5-69e211178defa-0-0-0\" class=\"so-panel widget widget_sow-editor panel-first-child panel-last-child\" data-index=\"0\" ><div\n\t\t\t\n\t\t\tclass=\"so-widget-sow-editor so-widget-sow-editor-base\"\n\t\t\t\n\t\t>\n<div class=\"siteorigin-widget-tinymce textwidget\">\n\t<h2 data-path-to-node=\"3\">Herzlich willkommen in Ihrem Ferienhaus!<\/h2>\n<p data-path-to-node=\"4\">Liebe G\u00e4ste<\/p>\n<p data-path-to-node=\"5\">Es freut uns sehr, Sie bei uns am <b data-path-to-node=\"5\" data-index-in-node=\"34\">Tannenmattliweg 2<\/b> begr\u00fcssen zu d\u00fcrfen! Es ist uns eine Herzensangelegenheit, dass Sie sich in unserem Haus rundum wohlf\u00fchlen und die Zeit in Aeschiried geniessen.<\/p>\n<p data-path-to-node=\"5\">Ferienhaus Tannenmattli<br \/>\nTannenmattliweg 2<br \/>\n3703 Aeschiried<\/p>\n<div><\/div>\n<p data-path-to-node=\"6\">Hier finden Sie einige wichtige Informationen f\u00fcr Ihren Aufenthalt:<\/p>\n<h3 data-path-to-node=\"7\"><b data-path-to-node=\"7\" data-index-in-node=\"0\">Ankunft &amp; Parken<\/b><\/h3>\n<ul data-path-to-node=\"8\">\n<li>\n<p data-path-to-node=\"8,0,0\"><b data-path-to-node=\"8,0,0\" data-index-in-node=\"0\">Schl\u00fcssel:<\/b> Sie finden den Schl\u00fcssel in der Schl\u00fcsselbox beim Fenster, direkt hinter dem Signet (wie im Video gezeigt). Der Code lautet: <b data-path-to-node=\"8,0,0\" data-index-in-node=\"136\">1980<\/b>.<\/p>\n<\/li>\n<li>\n<p data-path-to-node=\"8,1,0\"><b data-path-to-node=\"8,1,0\" data-index-in-node=\"0\">Parken:<\/b> Sie d\u00fcrfen \u00fcberall direkt vor dem Haus parkieren, ganz wie es f\u00fcr Sie am besten passt (siehe Video).<\/p>\n<\/li>\n<\/ul>\n<h3 data-path-to-node=\"9\"><b data-path-to-node=\"9\" data-index-in-node=\"0\">Internet &amp; Technik<\/b><\/h3>\n<ul data-path-to-node=\"10\">\n<li>\n<p data-path-to-node=\"10,0,0\"><b data-path-to-node=\"10,0,0\" data-index-in-node=\"0\">WLAN-Login:<\/b> panorama<\/p>\n<\/li>\n<li>\n<p data-path-to-node=\"10,1,0\"><b data-path-to-node=\"10,1,0\" data-index-in-node=\"0\">Passwort:<\/b> 37#Ap24@e5Q<\/p>\n<\/li>\n<li>\n<p data-path-to-node=\"10,2,0\"><b data-path-to-node=\"10,2,0\" data-index-in-node=\"0\">Fensterl\u00e4den:<\/b> Diese k\u00f6nnen von aussen geschlossen werden, wenn das Fenster ge\u00f6ffnet ist.<\/p>\n<\/li>\n<\/ul>\n<h3 data-path-to-node=\"11\"><b data-path-to-node=\"11\" data-index-in-node=\"0\">Waschen &amp; Abfall<\/b><\/h3>\n<ul data-path-to-node=\"12\">\n<li>\n<p data-path-to-node=\"12,0,0\"><b data-path-to-node=\"12,0,0\" data-index-in-node=\"0\">Waschmaschine:<\/b> Die Waschmaschine im Haus steht Ihnen jederzeit <b data-path-to-node=\"12,0,0\" data-index-in-node=\"63\">kostenlos<\/b> zur Verf\u00fcgung.<\/p>\n<\/li>\n<li>\n<p data-path-to-node=\"12,1,0\"><b data-path-to-node=\"12,1,0\" data-index-in-node=\"0\">Abfall:<\/b> Den Abfall d\u00fcrfen Sie einfach im Haus lassen. Wir k\u00fcmmern uns nach Ihrer Abreise um die fachgerechte Entsorgung.<\/p>\n<\/li>\n<\/ul>\n<h3 data-path-to-node=\"16\"><b data-path-to-node=\"16\" data-index-in-node=\"0\">Kontakt<\/b><\/h3>\n<p data-path-to-node=\"17\">Sollten Sie einen Notfall haben, sind wir f\u00fcr Sie da:<\/p>\n<ul data-path-to-node=\"18\">\n<li>\n<p data-path-to-node=\"18,0,0\"><b data-path-to-node=\"18,0,0\" data-index-in-node=\"0\">Telefon:<\/b> +41 76 400 66 01 oder +41 79 239 92 79.<\/p>\n<\/li>\n<\/ul>\n<p data-path-to-node=\"19\">Wir w\u00fcnschen Ihnen erholsame und wundersch\u00f6ne Ferientage bei uns in Aeschiried!<\/p>\n<p data-path-to-node=\"20\"><b data-path-to-node=\"20\" data-index-in-node=\"0\">Herzliche Gr\u00fcsse<\/b> <b data-path-to-node=\"20\" data-index-in-node=\"17\">Simone<\/b><\/p>\n<\/div>\n<\/div><\/div><\/div><div id=\"pgc-gb5-69e211178defa-0-1\"  class=\"panel-grid-cell\" ><div id=\"panel-gb5-69e211178defa-0-1-0\" class=\"so-panel widget widget_sow-editor panel-first-child\" data-index=\"1\" ><div\n\t\t\t\n\t\t\tclass=\"so-widget-sow-editor so-widget-sow-editor-base\"\n\t\t\t\n\t\t>\n<div class=\"siteorigin-widget-tinymce textwidget\">\n\t<p><iframe loading=\"lazy\" title=\"13. M\u00e4rz 2026\" width=\"720\" height=\"405\" src=\"https:\/\/www.youtube.com\/embed\/LbWjR_kc0Ho?feature=oembed\" frameborder=\"0\" allow=\"accelerometer; autoplay; clipboard-write; encrypted-media; gyroscope; picture-in-picture; web-share\" referrerpolicy=\"strict-origin-when-cross-origin\" allowfullscreen><\/iframe><\/p>\n<\/div>\n<\/div><\/div><div id=\"panel-gb5-69e211178defa-0-1-1\" class=\"so-panel widget widget_sow-editor panel-last-child\" data-index=\"2\" ><div\n\t\t\t\n\t\t\tclass=\"so-widget-sow-editor so-widget-sow-editor-base\"\n\t\t\t\n\t\t>\n<div class=\"siteorigin-widget-tinymce textwidget\">\n\t<p><iframe loading=\"lazy\" title=\"13. M\u00e4rz 2026\" width=\"720\" height=\"405\" src=\"https:\/\/www.youtube.com\/embed\/f2Jd14sL1YA?feature=oembed\" frameborder=\"0\" allow=\"accelerometer; autoplay; clipboard-write; encrypted-media; gyroscope; picture-in-picture; web-share\" referrerpolicy=\"strict-origin-when-cross-origin\" allowfullscreen><\/iframe><\/p>\n<\/div>\n<\/div><\/div><\/div><\/div><\/div>","protected":false},"excerpt":{"rendered":"<p>Herzlich willkommen in Ihrem Ferienhaus! Liebe G\u00e4ste Es freut uns sehr, Sie bei uns am Tannenmattliweg 2 begr\u00fcssen zu d\u00fcrfen! Es ist uns eine Herzensangelegenheit, dass Sie sich in unserem Haus rundum wohlf\u00fchlen und die Zeit in Aeschiried geniessen. Ferienhaus Tannenmattli Tannenmattliweg 2 3703 Aeschiried Hier finden Sie einige wichtige Informationen f\u00fcr Ihren Aufenthalt: Ankunft&#8230;<\/p>\n","protected":false},"author":1,"featured_media":0,"parent":0,"menu_order":0,"comment_status":"closed","ping_status":"closed","template":"","meta":{"_kad_post_transparent":"default","_kad_post_title":"default","_kad_post_layout":"default","_kad_post_sidebar_id":"","_kad_post_content_style":"default","_kad_post_vertical_padding":"default","_kad_post_feature":"","_kad_post_feature_position":"","_kad_post_header":false,"_kad_post_footer":false,"_kad_post_classname":"","footnotes":""},"class_list":["post-5","page","type-page","status-publish","hentry"],"_links":{"self":[{"href":"https:\/\/aeschi-tannenmattli.bichsel-reinigungen.ch\/index.php?rest_route=\/wp\/v2\/pages\/5","targetHints":{"allow":["GET"]}}],"collection":[{"href":"https:\/\/aeschi-tannenmattli.bichsel-reinigungen.ch\/index.php?rest_route=\/wp\/v2\/pages"}],"about":[{"href":"https:\/\/aeschi-tannenmattli.bichsel-reinigungen.ch\/index.php?rest_route=\/wp\/v2\/types\/page"}],"author":[{"embeddable":true,"href":"https:\/\/aeschi-tannenmattli.bichsel-reinigungen.ch\/index.php?rest_route=\/wp\/v2\/users\/1"}],"replies":[{"embeddable":true,"href":"https:\/\/aeschi-tannenmattli.bichsel-reinigungen.ch\/index.php?rest_route=%2Fwp%2Fv2%2Fcomments&post=5"}],"version-history":[{"count":6,"href":"https:\/\/aeschi-tannenmattli.bichsel-reinigungen.ch\/index.php?rest_route=\/wp\/v2\/pages\/5\/revisions"}],"predecessor-version":[{"id":21,"href":"https:\/\/aeschi-tannenmattli.bichsel-reinigungen.ch\/index.php?rest_route=\/wp\/v2\/pages\/5\/revisions\/21"}],"wp:attachment":[{"href":"https:\/\/aeschi-tannenmattli.bichsel-reinigungen.ch\/index.php?rest_route=%2Fwp%2Fv2%2Fmedia&parent=5"}],"curies":[{"name":"wp","href":"https:\/\/api.w.org\/{rel}","templated":true}]}}